{"id":4163,"date":"2024-09-20T15:13:12","date_gmt":"2024-09-20T19:13:12","guid":{"rendered":"https:\/\/www.skypointfcu.com\/wph\/workarea\/?page_id=4163"},"modified":"2024-10-17T14:13:19","modified_gmt":"2024-10-17T18:13:19","slug":"digital-banking","status":"publish","type":"page","link":"https:\/\/www.skypointfcu.com\/wph\/workarea\/es\/digital-banking\/","title":{"rendered":"Digital Banking"},"content":{"rendered":"<div class=\"band content-hero-v003 content-fullwidth\"><div class=\"zone\"><div class=\"feature-wrap\"><div class=\"feature-wrap-title\"><h1>Banca Digital<\/h1><h4>Accede a tus cuentas SkyPoint cuando y desde donde sea conveniente con servicios 24\/7.<\/h4><\/div><div class=\"feature-wrap-image\"><figure class=\"feature-wrap-image-inner cover-image\"><img decoding=\"async\" src=\"https:\/\/www.skypointfcu.com\/wph\/workarea\/wp-content\/uploads\/2024\/09\/SKY-2024-SpanishDigitalBanking-1600x640px.jpg\" alt=\"Woman typing on laptop\"><\/figure><\/div><\/div><\/div><\/div>\n\n<div class=\"band content-fullwidth\"><div class=\"zone\"><div class=\"feature-wrap feature-wrap-promos-2\">\n<div class=\"feature\"><div class=\"feature-padding\"><div class=\"feature-image\"><figure class=\"feature-image-inner cover-image\"><img decoding=\"async\" src=\"https:\/\/www.skypointfcu.com\/wph\/workarea\/wp-content\/uploads\/2024\/09\/webolderwomanontablet.jpg\" alt=\"older woman on tablet\"><\/figure><\/div><!--feature-image--><div class=\"feature-content\"><div class=\"feature-content-text\">\n\n<ul>\n<li>Banca en l\u00ednea &#8211; Realiza operaciones bancarias desde cualquier lugar con nuestro conjunto de servicios en l\u00ednea.<\/li>\n<li>Banca m\u00f3vil &#8211; Disfruta de la comodidad de la banca en l\u00ednea directamente desde tu dispositivo m\u00f3vil.<\/li>\n<\/ul>\n\n<\/div><\/div><!--feature-content--><\/div><!--feature-padding--><\/div><!--feature-->\n\n<div class=\"feature\"><div class=\"feature-padding\"><div class=\"feature-image\"><figure class=\"feature-image-inner cover-image\"><img decoding=\"async\" src=\"https:\/\/www.skypointfcu.com\/wph\/workarea\/wp-content\/uploads\/2024\/09\/webdigitalbanking.jpg\" alt=\"\"><\/figure><\/div><!--feature-image--><div class=\"feature-content\"><div class=\"feature-content-text\">\n\n<p>La banca digital SkyPoint te permite:<\/p>\n<ul>\n<li>Pagar facturas<\/li>\n<li>Controlar tus tarjetas SkyPoint<\/li>\n<li>Depositar cheques<\/li>\n<li>Vigilar tu puntaje de cr\u00e9dito<\/li>\n<li>Acceder a tus extractos electr\u00f3nicos<\/li>\n<li>Gestionar tu dinero<\/li>\n<\/ul>\n\n<\/div><\/div><!--feature-content--><\/div><!--feature-padding--><\/div><!--feature-->\n<\/div><!--feature-wrap--><\/div><\/div>","protected":false},"excerpt":{"rendered":"","protected":false},"author":7,"featured_media":0,"parent":4153,"menu_order":2,"comment_status":"closed","ping_status":"closed","template":"","meta":{"_lmt_disableupdate":"","_lmt_disable":"","attr_excerpt":[],"footnotes":""},"class_list":["post-4163","page","type-page","status-publish","hentry"],"yoast_head":"<!-- This site is optimized with the Yoast SEO plugin v24.9 - https:\/\/yoast.com\/wordpress\/plugins\/seo\/ -->\n<title>Digital Banking - SkyPoint Federal Credit Union<\/title>\n<meta name=\"robots\" content=\"noindex, follow, max-snippet:-1, max-image-preview:large, max-video-preview:-1\" \/>\n<meta property=\"og:locale\" content=\"en_US\" \/>\n<meta property=\"og:type\" content=\"article\" \/>\n<meta property=\"og:title\" content=\"Digital Banking - SkyPoint Federal Credit Union\" \/>\n<meta property=\"og:url\" content=\"https:\/\/www.skypointfcu.com\/wph\/workarea\/es\/digital-banking\/\" \/>\n<meta property=\"og:site_name\" content=\"SkyPoint Federal Credit Union\" \/>\n<meta property=\"article:modified_time\" content=\"2024-10-17T18:13:19+00:00\" \/>\n<meta name=\"twitter:card\" content=\"summary_large_image\" \/>\n<meta name=\"twitter:label1\" content=\"Est. reading time\" \/>\n\t<meta name=\"twitter:data1\" content=\"1 minute\" \/>\n<script type=\"application\/ld+json\" class=\"yoast-schema-graph\">{\"@context\":\"https:\/\/schema.org\",\"@graph\":[{\"@type\":\"WebPage\",\"@id\":\"https:\/\/www.skypointfcu.com\/wph\/workarea\/es\/digital-banking\/\",\"url\":\"https:\/\/www.skypointfcu.com\/wph\/workarea\/es\/digital-banking\/\",\"name\":\"Digital Banking - SkyPoint Federal Credit Union\",\"isPartOf\":{\"@id\":\"https:\/\/www.skypointfcu.com\/wph\/workarea\/#website\"},\"datePublished\":\"2024-09-20T19:13:12+00:00\",\"dateModified\":\"2024-10-17T18:13:19+00:00\",\"breadcrumb\":{\"@id\":\"https:\/\/www.skypointfcu.com\/wph\/workarea\/es\/digital-banking\/#breadcrumb\"},\"inLanguage\":\"en-US\",\"potentialAction\":[{\"@type\":\"ReadAction\",\"target\":[\"https:\/\/www.skypointfcu.com\/wph\/workarea\/es\/digital-banking\/\"]}]},{\"@type\":\"BreadcrumbList\",\"@id\":\"https:\/\/www.skypointfcu.com\/wph\/workarea\/es\/digital-banking\/#breadcrumb\",\"itemListElement\":[{\"@type\":\"ListItem\",\"position\":1,\"name\":\"Home\",\"item\":\"https:\/\/www.skypointfcu.com\/wph\/workarea\/\"},{\"@type\":\"ListItem\",\"position\":2,\"name\":\"SkyPoint En Espa\u00f1ol\",\"item\":\"https:\/\/www.skypointfcu.com\/wph\/workarea\/es\/\"},{\"@type\":\"ListItem\",\"position\":3,\"name\":\"Digital Banking\"}]},{\"@type\":\"WebSite\",\"@id\":\"https:\/\/www.skypointfcu.com\/wph\/workarea\/#website\",\"url\":\"https:\/\/www.skypointfcu.com\/wph\/workarea\/\",\"name\":\"SkyPoint Federal Credit Union\",\"description\":\"Just another WordPress site\",\"potentialAction\":[{\"@type\":\"SearchAction\",\"target\":{\"@type\":\"EntryPoint\",\"urlTemplate\":\"https:\/\/www.skypointfcu.com\/wph\/workarea\/?s={search_term_string}\"},\"query-input\":{\"@type\":\"PropertyValueSpecification\",\"valueRequired\":true,\"valueName\":\"search_term_string\"}}],\"inLanguage\":\"en-US\"}]}<\/script>\n<!-- \/ Yoast SEO plugin. -->","yoast_head_json":{"title":"Digital Banking - SkyPoint Federal Credit Union","robots":{"index":"noindex","follow":"follow","max-snippet":"max-snippet:-1","max-image-preview":"max-image-preview:large","max-video-preview":"max-video-preview:-1"},"og_locale":"en_US","og_type":"article","og_title":"Digital Banking - SkyPoint Federal Credit Union","og_url":"https:\/\/www.skypointfcu.com\/wph\/workarea\/es\/digital-banking\/","og_site_name":"SkyPoint Federal Credit Union","article_modified_time":"2024-10-17T18:13:19+00:00","twitter_card":"summary_large_image","twitter_misc":{"Est. reading time":"1 minute"},"schema":{"@context":"https:\/\/schema.org","@graph":[{"@type":"WebPage","@id":"https:\/\/www.skypointfcu.com\/wph\/workarea\/es\/digital-banking\/","url":"https:\/\/www.skypointfcu.com\/wph\/workarea\/es\/digital-banking\/","name":"Digital Banking - SkyPoint Federal Credit Union","isPartOf":{"@id":"https:\/\/www.skypointfcu.com\/wph\/workarea\/#website"},"datePublished":"2024-09-20T19:13:12+00:00","dateModified":"2024-10-17T18:13:19+00:00","breadcrumb":{"@id":"https:\/\/www.skypointfcu.com\/wph\/workarea\/es\/digital-banking\/#breadcrumb"},"inLanguage":"en-US","potentialAction":[{"@type":"ReadAction","target":["https:\/\/www.skypointfcu.com\/wph\/workarea\/es\/digital-banking\/"]}]},{"@type":"BreadcrumbList","@id":"https:\/\/www.skypointfcu.com\/wph\/workarea\/es\/digital-banking\/#breadcrumb","itemListElement":[{"@type":"ListItem","position":1,"name":"Home","item":"https:\/\/www.skypointfcu.com\/wph\/workarea\/"},{"@type":"ListItem","position":2,"name":"SkyPoint En Espa\u00f1ol","item":"https:\/\/www.skypointfcu.com\/wph\/workarea\/es\/"},{"@type":"ListItem","position":3,"name":"Digital Banking"}]},{"@type":"WebSite","@id":"https:\/\/www.skypointfcu.com\/wph\/workarea\/#website","url":"https:\/\/www.skypointfcu.com\/wph\/workarea\/","name":"SkyPoint Federal Credit Union","description":"Just another WordPress site","potentialAction":[{"@type":"SearchAction","target":{"@type":"EntryPoint","urlTemplate":"https:\/\/www.skypointfcu.com\/wph\/workarea\/?s={search_term_string}"},"query-input":{"@type":"PropertyValueSpecification","valueRequired":true,"valueName":"search_term_string"}}],"inLanguage":"en-US"}]}},"_links":{"self":[{"href":"https:\/\/www.skypointfcu.com\/wph\/workarea\/wp-json\/wp\/v2\/pages\/4163","targetHints":{"allow":["GET"]}}],"collection":[{"href":"https:\/\/www.skypointfcu.com\/wph\/workarea\/wp-json\/wp\/v2\/pages"}],"about":[{"href":"https:\/\/www.skypointfcu.com\/wph\/workarea\/wp-json\/wp\/v2\/types\/page"}],"author":[{"embeddable":true,"href":"https:\/\/www.skypointfcu.com\/wph\/workarea\/wp-json\/wp\/v2\/users\/7"}],"replies":[{"embeddable":true,"href":"https:\/\/www.skypointfcu.com\/wph\/workarea\/wp-json\/wp\/v2\/comments?post=4163"}],"version-history":[{"count":7,"href":"https:\/\/www.skypointfcu.com\/wph\/workarea\/wp-json\/wp\/v2\/pages\/4163\/revisions"}],"predecessor-version":[{"id":4414,"href":"https:\/\/www.skypointfcu.com\/wph\/workarea\/wp-json\/wp\/v2\/pages\/4163\/revisions\/4414"}],"up":[{"embeddable":true,"href":"https:\/\/www.skypointfcu.com\/wph\/workarea\/wp-json\/wp\/v2\/pages\/4153"}],"wp:attachment":[{"href":"https:\/\/www.skypointfcu.com\/wph\/workarea\/wp-json\/wp\/v2\/media?parent=4163"}],"curies":[{"name":"wp","href":"https:\/\/api.w.org\/{rel}","templated":true}]}}