{"id":4153,"date":"2024-09-18T10:16:38","date_gmt":"2024-09-18T14:16:38","guid":{"rendered":"https:\/\/www.skypointfcu.com\/wph\/workarea\/?page_id=4153"},"modified":"2025-01-08T14:43:52","modified_gmt":"2025-01-08T18:43:52","slug":"es","status":"publish","type":"page","link":"https:\/\/www.skypointfcu.com\/wph\/workarea\/es\/","title":{"rendered":"SkyPoint En Espa\u00f1ol"},"content":{"rendered":"<div class=\"band content-hero-v003 content-fullwidth\"><div class=\"zone\"><div class=\"feature-wrap\"><div class=\"feature-wrap-title\"><h1>SkyPoint En Espa\u00f1ol<\/h1><h4>Estamos aqu\u00ed para ayudarte<\/h4><\/div><div class=\"feature-wrap-image\"><figure class=\"feature-wrap-image-inner cover-image\"><img decoding=\"async\" src=\"https:\/\/www.skypointfcu.com\/wph\/workarea\/wp-content\/uploads\/2024\/12\/1CSpanish-Splash-Page-Banner1600x640-scaled.jpg\" alt=\"two women smiling\"><\/figure><\/div><\/div><\/div><\/div>\n\n<div class=\"band content-fullwidth\"><div class=\"zone\"><div class=\"feature-wrap feature-wrap-promos-2\">\n<div class=\"feature\"><div class=\"feature-padding\"><div class=\"feature-image\"><figure class=\"feature-image-inner cover-image\"><img decoding=\"async\" src=\"https:\/\/www.skypointfcu.com\/wph\/workarea\/wp-content\/uploads\/2024\/12\/2CGeneral-Deposit-Accounts600x400.jpg\" alt=\"man looking at phone\"><\/figure><\/div><!--feature-image--><div class=\"feature-content\"><div class=\"feature-content-text\"><h2>Cuentas de Dep\u00f3sito<\/h2>\n\n<p>SkyPoint Federal Credit Union existe para simplificar la banca para ti, con una l\u00ednea completa de cuentas para guiarte por tu viaje financiero.<\/p>\n<p><a class=\"btn-blue-1\" href=\"https:\/\/www.skypointfcu.com\/wph\/workarea\/es\/personal\/deposit\">Aprenda m\u00e1s<\/a><\/p>\n\n<\/div><\/div><!--feature-content--><\/div><!--feature-padding--><\/div><!--feature-->\n\n<div class=\"feature\"><div class=\"feature-padding\"><div class=\"feature-image\"><figure class=\"feature-image-inner cover-image\"><img decoding=\"async\" src=\"https:\/\/www.skypointfcu.com\/wph\/workarea\/wp-content\/uploads\/2024\/12\/3AGeneral-Loan-Options600x400.jpg\" alt=\"couple smilaing with man hand shaking another person\"><\/figure><\/div><!--feature-image--><div class=\"feature-content\"><div class=\"feature-content-text\"><h2>Opciones de Pr\u00e9stamo<\/h2>\n\n<p>SkyPoint Federal Credit Union ofrece un conjunto completo de productos de pr\u00e9stamo. Tenemos una variedad de opciones de pr\u00e9stamo para lo que sea que la vida te presente Esto incluye pr\u00e9stamos de hipoteca para la compra de casa, y Pr\u00e9stamos Flex para avances de sueldo.<\/p>\n<p><a class=\"btn-blue-1\" href=\"https:\/\/www.skypointfcu.com\/wph\/workarea\/es\/personal\/loans\">Aprenda m\u00e1s<\/a><\/p>\n\n<\/div><\/div><!--feature-content--><\/div><!--feature-padding--><\/div><!--feature-->\n\n<div class=\"feature\"><div class=\"feature-padding\"><div class=\"feature-image\"><figure class=\"feature-image-inner cover-image\"><img decoding=\"async\" src=\"https:\/\/www.skypointfcu.com\/wph\/workarea\/wp-content\/uploads\/2024\/12\/4CBusiness-Accounts600x400.jpg\" alt=\"woman scanning box\"><\/figure><\/div><!--feature-image--><div class=\"feature-content\"><div class=\"feature-content-text\"><h2>Cuentas de Empresa<\/h2>\n\n<p>SkyPoint ayuda a los peque\u00f1as negocios a prosperar con nuestro conjunto de cuentas empresariales.<\/p>\n<p><a class=\"btn-blue-1\" href=\"https:\/\/www.skypointfcu.com\/wph\/workarea\/es\/business\/\">Aprenda m\u00e1s<\/a><\/p>\n\n<\/div><\/div><!--feature-content--><\/div><!--feature-padding--><\/div><!--feature-->\n\n<div class=\"feature\"><div class=\"feature-padding\"><div class=\"feature-image\"><figure class=\"feature-image-inner cover-image\"><img decoding=\"async\" src=\"https:\/\/www.skypointfcu.com\/wph\/workarea\/wp-content\/uploads\/2024\/12\/5BDigital-Banking600x400.jpg\" alt=\"\"><\/figure><\/div><!--feature-image--><div class=\"feature-content\"><div class=\"feature-content-text\"><h2>Banca Digital<\/h2>\n\n<p>Accede a tus cuentas SkyPoint cuando y desde donde sea conveniente con servicios 24\/7.<\/p>\n<p><a class=\"btn-blue-1\" href=\"https:\/\/www.skypointfcu.com\/wph\/workarea\/es\/digital-banking\/\">Aprenda m\u00e1s<\/a><\/p>\n\n<\/div><\/div><!--feature-content--><\/div><!--feature-padding--><\/div><!--feature-->\n\n<div class=\"feature\"><div class=\"feature-padding\"><div class=\"feature-image\"><figure class=\"feature-image-inner cover-image\"><img decoding=\"async\" src=\"https:\/\/www.skypointfcu.com\/wph\/workarea\/wp-content\/uploads\/2024\/12\/6CMembership-Eligibility600x400.jpg\" alt=\"man and women with little girl eating\"><\/figure><\/div><!--feature-image--><div class=\"feature-content\"><div class=\"feature-content-text\"><h2>Requisitos de Afiliaci\u00f3n<\/h2>\n\n<p>Simplificamos la Banca.<\/p>\n<p>Bienvenido a SkyPoint Federal Credit Union, donde hacemos que la banca sea sencilla y accesible.<\/p>\n<p><a class=\"btn-blue-1\" href=\"https:\/\/www.skypointfcu.com\/wph\/workarea\/es\/eligibility\/\">Aprenda m\u00e1s<\/a><\/p>\n\n<\/div><\/div><!--feature-content--><\/div><!--feature-padding--><\/div><!--feature-->\n<\/div><!--feature-wrap--><\/div><\/div>","protected":false},"excerpt":{"rendered":"","protected":false},"author":6,"featured_media":0,"parent":0,"menu_order":4,"comment_status":"closed","ping_status":"closed","template":"","meta":{"_lmt_disableupdate":"","_lmt_disable":"","attr_excerpt":[],"footnotes":""},"class_list":["post-4153","page","type-page","status-publish","hentry"],"yoast_head":"<!-- This site is optimized with the Yoast SEO plugin v24.9 - https:\/\/yoast.com\/wordpress\/plugins\/seo\/ -->\n<title>SkyPoint En Espa\u00f1ol - SkyPoint Federal Credit Union<\/title>\n<meta name=\"robots\" content=\"noindex, follow, max-snippet:-1, max-image-preview:large, max-video-preview:-1\" \/>\n<meta property=\"og:locale\" content=\"en_US\" \/>\n<meta property=\"og:type\" content=\"article\" \/>\n<meta property=\"og:title\" content=\"SkyPoint En Espa\u00f1ol - SkyPoint Federal Credit Union\" \/>\n<meta property=\"og:url\" content=\"https:\/\/www.skypointfcu.com\/wph\/workarea\/es\/\" \/>\n<meta property=\"og:site_name\" content=\"SkyPoint Federal Credit Union\" \/>\n<meta property=\"article:modified_time\" content=\"2025-01-08T18:43:52+00:00\" \/>\n<meta name=\"twitter:card\" content=\"summary_large_image\" \/>\n<meta name=\"twitter:label1\" content=\"Est. reading time\" \/>\n\t<meta name=\"twitter:data1\" content=\"1 minute\" \/>\n<script type=\"application\/ld+json\" class=\"yoast-schema-graph\">{\"@context\":\"https:\/\/schema.org\",\"@graph\":[{\"@type\":\"WebPage\",\"@id\":\"https:\/\/www.skypointfcu.com\/wph\/workarea\/es\/\",\"url\":\"https:\/\/www.skypointfcu.com\/wph\/workarea\/es\/\",\"name\":\"SkyPoint En Espa\u00f1ol - SkyPoint Federal Credit Union\",\"isPartOf\":{\"@id\":\"https:\/\/www.skypointfcu.com\/wph\/workarea\/#website\"},\"datePublished\":\"2024-09-18T14:16:38+00:00\",\"dateModified\":\"2025-01-08T18:43:52+00:00\",\"breadcrumb\":{\"@id\":\"https:\/\/www.skypointfcu.com\/wph\/workarea\/es\/#breadcrumb\"},\"inLanguage\":\"en-US\",\"potentialAction\":[{\"@type\":\"ReadAction\",\"target\":[\"https:\/\/www.skypointfcu.com\/wph\/workarea\/es\/\"]}]},{\"@type\":\"BreadcrumbList\",\"@id\":\"https:\/\/www.skypointfcu.com\/wph\/workarea\/es\/#breadcrumb\",\"itemListElement\":[{\"@type\":\"ListItem\",\"position\":1,\"name\":\"Home\",\"item\":\"https:\/\/www.skypointfcu.com\/wph\/workarea\/\"},{\"@type\":\"ListItem\",\"position\":2,\"name\":\"SkyPoint En Espa\u00f1ol\"}]},{\"@type\":\"WebSite\",\"@id\":\"https:\/\/www.skypointfcu.com\/wph\/workarea\/#website\",\"url\":\"https:\/\/www.skypointfcu.com\/wph\/workarea\/\",\"name\":\"SkyPoint Federal Credit Union\",\"description\":\"Just another WordPress site\",\"potentialAction\":[{\"@type\":\"SearchAction\",\"target\":{\"@type\":\"EntryPoint\",\"urlTemplate\":\"https:\/\/www.skypointfcu.com\/wph\/workarea\/?s={search_term_string}\"},\"query-input\":{\"@type\":\"PropertyValueSpecification\",\"valueRequired\":true,\"valueName\":\"search_term_string\"}}],\"inLanguage\":\"en-US\"}]}<\/script>\n<!-- \/ Yoast SEO plugin. -->","yoast_head_json":{"title":"SkyPoint En Espa\u00f1ol - SkyPoint Federal Credit Union","robots":{"index":"noindex","follow":"follow","max-snippet":"max-snippet:-1","max-image-preview":"max-image-preview:large","max-video-preview":"max-video-preview:-1"},"og_locale":"en_US","og_type":"article","og_title":"SkyPoint En Espa\u00f1ol - SkyPoint Federal Credit Union","og_url":"https:\/\/www.skypointfcu.com\/wph\/workarea\/es\/","og_site_name":"SkyPoint Federal Credit Union","article_modified_time":"2025-01-08T18:43:52+00:00","twitter_card":"summary_large_image","twitter_misc":{"Est. reading time":"1 minute"},"schema":{"@context":"https:\/\/schema.org","@graph":[{"@type":"WebPage","@id":"https:\/\/www.skypointfcu.com\/wph\/workarea\/es\/","url":"https:\/\/www.skypointfcu.com\/wph\/workarea\/es\/","name":"SkyPoint En Espa\u00f1ol - SkyPoint Federal Credit Union","isPartOf":{"@id":"https:\/\/www.skypointfcu.com\/wph\/workarea\/#website"},"datePublished":"2024-09-18T14:16:38+00:00","dateModified":"2025-01-08T18:43:52+00:00","breadcrumb":{"@id":"https:\/\/www.skypointfcu.com\/wph\/workarea\/es\/#breadcrumb"},"inLanguage":"en-US","potentialAction":[{"@type":"ReadAction","target":["https:\/\/www.skypointfcu.com\/wph\/workarea\/es\/"]}]},{"@type":"BreadcrumbList","@id":"https:\/\/www.skypointfcu.com\/wph\/workarea\/es\/#breadcrumb","itemListElement":[{"@type":"ListItem","position":1,"name":"Home","item":"https:\/\/www.skypointfcu.com\/wph\/workarea\/"},{"@type":"ListItem","position":2,"name":"SkyPoint En Espa\u00f1ol"}]},{"@type":"WebSite","@id":"https:\/\/www.skypointfcu.com\/wph\/workarea\/#website","url":"https:\/\/www.skypointfcu.com\/wph\/workarea\/","name":"SkyPoint Federal Credit Union","description":"Just another WordPress site","potentialAction":[{"@type":"SearchAction","target":{"@type":"EntryPoint","urlTemplate":"https:\/\/www.skypointfcu.com\/wph\/workarea\/?s={search_term_string}"},"query-input":{"@type":"PropertyValueSpecification","valueRequired":true,"valueName":"search_term_string"}}],"inLanguage":"en-US"}]}},"_links":{"self":[{"href":"https:\/\/www.skypointfcu.com\/wph\/workarea\/wp-json\/wp\/v2\/pages\/4153","targetHints":{"allow":["GET"]}}],"collection":[{"href":"https:\/\/www.skypointfcu.com\/wph\/workarea\/wp-json\/wp\/v2\/pages"}],"about":[{"href":"https:\/\/www.skypointfcu.com\/wph\/workarea\/wp-json\/wp\/v2\/types\/page"}],"author":[{"embeddable":true,"href":"https:\/\/www.skypointfcu.com\/wph\/workarea\/wp-json\/wp\/v2\/users\/6"}],"replies":[{"embeddable":true,"href":"https:\/\/www.skypointfcu.com\/wph\/workarea\/wp-json\/wp\/v2\/comments?post=4153"}],"version-history":[{"count":29,"href":"https:\/\/www.skypointfcu.com\/wph\/workarea\/wp-json\/wp\/v2\/pages\/4153\/revisions"}],"predecessor-version":[{"id":4495,"href":"https:\/\/www.skypointfcu.com\/wph\/workarea\/wp-json\/wp\/v2\/pages\/4153\/revisions\/4495"}],"wp:attachment":[{"href":"https:\/\/www.skypointfcu.com\/wph\/workarea\/wp-json\/wp\/v2\/media?parent=4153"}],"curies":[{"name":"wp","href":"https:\/\/api.w.org\/{rel}","templated":true}]}}